{"id":143,"date":"2023-12-18T13:49:30","date_gmt":"2023-12-18T13:49:30","guid":{"rendered":"https:\/\/painelusinas.deltaenergia.com.br\/?page_id=143"},"modified":"2025-02-03T13:36:47","modified_gmt":"2025-02-03T13:36:47","slug":"uvf-santo-inacio","status":"publish","type":"page","link":"https:\/\/painelusinas.deltaenergia.com.br\/index.php\/uvf-santo-inacio\/","title":{"rendered":"UFV Santo In\u00e1cio XIX"},"content":{"rendered":"","protected":false},"excerpt":{"rendered":"","protected":false},"author":1,"featured_media":0,"parent":0,"menu_order":0,"comment_status":"closed","ping_status":"closed","template":"","meta":{"footnotes":""},"acf":{"potencia":"3,564MWp \/ 2,500 MWac","endereco":"Estrada Municipal Jos\u00e9 Mariano da Silva, 2323, SAPE \u2013 Ca\u00e7apava\/SP \u2013 CEP: 12.295-100.","cronograma_de_evolucao":"100%","data_de_inicio":"13\/06\/2023","data_do_termino":"30\/10\/2023","volume_de_energia":"6,43 GWh\/ano","concessionaria":"EDP SP","capex":"R$ 14.255.188","estruturas":"Trackers","licenciamento_ambiental":"Atividade isenta","documento_do_orgao_ambiental":"CETESB \u2013 Declara\u00e7\u00e3o (57003371)","documento_ambiental_municipal":"N\u00e3o aplic\u00e1vel","supressao_vegetal":"CETESB ASV 57001571","status_licenciamento_ambiental":"Conclu\u00eddo","tipo_de_contrato":"Direito de uso de superf\u00edcie","status_do_contrato":"Contrato Assinado","area":"7,9 hectares","preco":"R$ 1.200\/hectare\/m\u00eas @IPCA","matricula":"N\u00b047.383 Comarca de Ca\u00e7apava\/SP","status_do_fundiario":"Conclu\u00eddo","status_da_obra":"Conclu\u00edda","status_financeiro":"","contratos_com_a_distribuidora":"CUSD e CCER assinados","desenvolvedor_do_projeto_e_parecer_de_acesso":"Terceiros","equipamentos":"M\u00f3dulos Fotovoltaicos Risen 660W \/ Inversores Sungrow 333kW e 250kW \/ Rastreadores Arcol","fornecedores":"CT Botelho (Kit Gera\u00e7\u00e3o Solar) \/ Deode (EPC)","offtaker":"","estrutura_societaria":"Delta Energia x USFV Ca\u00e7apava LTDA","entrada_em_operacao":"USINA CONECTADA EM NOVEMBRO 2023","foto_principal":"https:\/\/painelusinas.deltaenergia.com.br\/wp-content\/uploads\/2024\/03\/Santo-Inacio-Principal-1.png","avancos":"https:\/\/painelusinas.deltaenergia.com.br\/wp-content\/uploads\/2023\/12\/avanco-fisico-e-financeiro-1.png","vetor_mapa":"https:\/\/painelusinas.deltaenergia.com.br\/wp-content\/uploads\/2024\/03\/3.-Santo-Inacio-XIX-Mapa-Interno-1.png","foto_1":"https:\/\/painelusinas.deltaenergia.com.br\/wp-content\/uploads\/2024\/02\/Santo-Inacio-1-2.png","foto_2":"https:\/\/painelusinas.deltaenergia.com.br\/wp-content\/uploads\/2024\/02\/Santo-Inacio-2.png","foto_3":"https:\/\/painelusinas.deltaenergia.com.br\/wp-content\/uploads\/2024\/02\/Santo-Inacio-3-1.png","foto_4":"https:\/\/painelusinas.deltaenergia.com.br\/wp-content\/uploads\/2024\/02\/Santo-Inacio-4-1.png","foto_5":"https:\/\/painelusinas.deltaenergia.com.br\/wp-content\/uploads\/2024\/03\/Santo-Inacio-5.png","foto_6":false,"ativar_usina":true,"imagem_mapa":"https:\/\/painelusinas.deltaenergia.com.br\/wp-content\/uploads\/2024\/03\/3.-Santo-Inacio-XIX-Mapa.png","potencia_parcialmente_conectada":"","cronograma_de_evolucao_financeira":"100%"},"_links":{"self":[{"href":"https:\/\/painelusinas.deltaenergia.com.br\/index.php\/wp-json\/wp\/v2\/pages\/143"}],"collection":[{"href":"https:\/\/painelusinas.deltaenergia.com.br\/index.php\/wp-json\/wp\/v2\/pages"}],"about":[{"href":"https:\/\/painelusinas.deltaenergia.com.br\/index.php\/wp-json\/wp\/v2\/types\/page"}],"author":[{"embeddable":true,"href":"https:\/\/painelusinas.deltaenergia.com.br\/index.php\/wp-json\/wp\/v2\/users\/1"}],"replies":[{"embeddable":true,"href":"https:\/\/painelusinas.deltaenergia.com.br\/index.php\/wp-json\/wp\/v2\/comments?post=143"}],"version-history":[{"count":33,"href":"https:\/\/painelusinas.deltaenergia.com.br\/index.php\/wp-json\/wp\/v2\/pages\/143\/revisions"}],"predecessor-version":[{"id":1798,"href":"https:\/\/painelusinas.deltaenergia.com.br\/index.php\/wp-json\/wp\/v2\/pages\/143\/revisions\/1798"}],"wp:attachment":[{"href":"https:\/\/painelusinas.deltaenergia.com.br\/index.php\/wp-json\/wp\/v2\/media?parent=143"}],"curies":[{"name":"wp","href":"https:\/\/api.w.org\/{rel}","templated":true}]}}