{"id":148,"date":"2023-12-18T13:50:41","date_gmt":"2023-12-18T13:50:41","guid":{"rendered":"https:\/\/painelusinas.deltaenergia.com.br\/?page_id=148"},"modified":"2025-09-11T20:34:54","modified_gmt":"2025-09-11T20:34:54","slug":"ufv-acacia","status":"publish","type":"page","link":"https:\/\/painelusinas.deltaenergia.com.br\/index.php\/ufv-acacia\/","title":{"rendered":"UFV Guariba"},"content":{"rendered":"","protected":false},"excerpt":{"rendered":"","protected":false},"author":1,"featured_media":0,"parent":0,"menu_order":0,"comment_status":"closed","ping_status":"closed","template":"","meta":{"footnotes":""},"acf":{"potencia":"4,353 MWp \/ 3,000 MWac","endereco":"Estrada Municipal de Guariba, Fazenda Santa Rosa - Zona Rural de Guariba\/SP","cronograma_de_evolucao":"100%","data_de_inicio":"03\/06\/2024","data_do_termino":"novembro\/2024","volume_de_energia":"8,42 GWh\/ano","concessionaria":"CPFL Paulista","capex":"R$ 17.045.325","estruturas":"Trackers","licenciamento_ambiental":"Atividade isenta","documento_do_orgao_ambiental":"CETESB - Declara\u00e7\u00e3o 93044146\/2024","documento_ambiental_municipal":"N\u00e3o aplic\u00e1vel","supressao_vegetal":"N\u00e3o aplic\u00e1vel","status_licenciamento_ambiental":"Conclu\u00eddo","tipo_de_contrato":"Direito de uso de superf\u00edcie","status_do_contrato":"Assinado \/ Em Registro","area":"8,2 hectares","preco":"R$1.429\/ha\/m\u00eas @IPCA","matricula":"N\u00ba 22.981 do 1\u00ba Registro de Im\u00f3veis da Comarca de Guariba\/SP","status_do_fundiario":"Conclu\u00eddo","status_da_obra":"Usina conectada","status_financeiro":"N\/A","contratos_com_a_distribuidora":"CUSD e CCER assinados (Vig\u00eancia a partir da energiza\u00e7\u00e3o)","desenvolvedor_do_projeto_e_parecer_de_acesso":"Terceiro","equipamentos":"M\u00f3dulos Fotovoltaicos Risen 695W \/ Inversores Sungrow 333kW \/ Trackers Arcol","fornecedores":"Deode (Engenharia e constru\u00e7\u00e3o) e CT Botelho (Kit Gera\u00e7\u00e3o Solar)","offtaker":"","estrutura_societaria":"Delta Energia x USFV Guariba LTDA","entrada_em_operacao":"USINA CONECTADA EM JANEIRO 2025","foto_principal":"https:\/\/painelusinas.deltaenergia.com.br\/wp-content\/uploads\/2025\/08\/Guariba-Principal10.png","avancos":"https:\/\/painelusinas.deltaenergia.com.br\/wp-content\/uploads\/2023\/12\/avanco-fisico-e-financeiro-2.png","vetor_mapa":"https:\/\/painelusinas.deltaenergia.com.br\/wp-content\/uploads\/2024\/02\/Guariba-Interno-1.png","foto_1":"https:\/\/painelusinas.deltaenergia.com.br\/wp-content\/uploads\/2024\/08\/Guariba-2.png","foto_2":"https:\/\/painelusinas.deltaenergia.com.br\/wp-content\/uploads\/2024\/09\/Guariba-3.png","foto_3":"https:\/\/painelusinas.deltaenergia.com.br\/wp-content\/uploads\/2024\/09\/Guariba-4.png","foto_4":"https:\/\/painelusinas.deltaenergia.com.br\/wp-content\/uploads\/2024\/10\/Guariba-5.png","foto_5":"https:\/\/painelusinas.deltaenergia.com.br\/wp-content\/uploads\/2025\/01\/Guariba-6.png","foto_6":"https:\/\/painelusinas.deltaenergia.com.br\/wp-content\/uploads\/2025\/08\/Guariba-7.png","ativar_usina":true,"imagem_mapa":"https:\/\/painelusinas.deltaenergia.com.br\/wp-content\/uploads\/2024\/03\/17.-Guariba-Mapa.png","potencia_parcialmente_conectada":"","cronograma_de_evolucao_financeira":"100%"},"_links":{"self":[{"href":"https:\/\/painelusinas.deltaenergia.com.br\/index.php\/wp-json\/wp\/v2\/pages\/148"}],"collection":[{"href":"https:\/\/painelusinas.deltaenergia.com.br\/index.php\/wp-json\/wp\/v2\/pages"}],"about":[{"href":"https:\/\/painelusinas.deltaenergia.com.br\/index.php\/wp-json\/wp\/v2\/types\/page"}],"author":[{"embeddable":true,"href":"https:\/\/painelusinas.deltaenergia.com.br\/index.php\/wp-json\/wp\/v2\/users\/1"}],"replies":[{"embeddable":true,"href":"https:\/\/painelusinas.deltaenergia.com.br\/index.php\/wp-json\/wp\/v2\/comments?post=148"}],"version-history":[{"count":73,"href":"https:\/\/painelusinas.deltaenergia.com.br\/index.php\/wp-json\/wp\/v2\/pages\/148\/revisions"}],"predecessor-version":[{"id":1946,"href":"https:\/\/painelusinas.deltaenergia.com.br\/index.php\/wp-json\/wp\/v2\/pages\/148\/revisions\/1946"}],"wp:attachment":[{"href":"https:\/\/painelusinas.deltaenergia.com.br\/index.php\/wp-json\/wp\/v2\/media?parent=148"}],"curies":[{"name":"wp","href":"https:\/\/api.w.org\/{rel}","templated":true}]}}