{"id":150,"date":"2023-12-18T13:51:05","date_gmt":"2023-12-18T13:51:05","guid":{"rendered":"https:\/\/painelusinas.deltaenergia.com.br\/?page_id=150"},"modified":"2025-09-11T20:35:43","modified_gmt":"2025-09-11T20:35:43","slug":"ufv-carmo","status":"publish","type":"page","link":"https:\/\/painelusinas.deltaenergia.com.br\/index.php\/ufv-carmo\/","title":{"rendered":"UFV Carmo"},"content":{"rendered":"","protected":false},"excerpt":{"rendered":"","protected":false},"author":1,"featured_media":0,"parent":0,"menu_order":0,"comment_status":"closed","ping_status":"closed","template":"","meta":{"footnotes":""},"acf":{"potencia":"3,550 MWp \/ 2,400 MWac","endereco":"S\u00edtio S\u00e3o Jorge e Vista Alegre \u2013 Estrada Carmo \u2013 Al\u00e9m Para\u00edba, S\/N","cronograma_de_evolucao":"100%","data_de_inicio":"11\/01\/2024","data_do_termino":"Dezembro\/2024","volume_de_energia":"5,17 GWh\/ano","concessionaria":"Light","capex":"R$ 13.102.635","estruturas":" Fixas","licenciamento_ambiental":"Atividade isenta","documento_do_orgao_ambiental":"INEA \u2013 CA N\u00ba IN001970","documento_ambiental_municipal":"LAMO N\u00ba 003\/2024","supressao_vegetal":"AA - N\u00ba 002\/2024","status_licenciamento_ambiental":"Conclu\u00eddo","tipo_de_contrato":"Direito de uso de superf\u00edcie","status_do_contrato":"Assinado \/ Em Registro","area":"4,85 hectares","preco":"R$ 2.000 \/ha\/M\u00eas @IPCA","matricula":"N\u00b0 61 \u2013 Cart\u00f3rio de Registro de im\u00f3veis comarca de Carmo\/RJ","status_do_fundiario":"Conclu\u00eddo","status_da_obra":"Usina conectada","status_financeiro":"","contratos_com_a_distribuidora":"CUSD e CCER assinados (vig\u00eancia a partir da energiza\u00e7\u00e3o)","desenvolvedor_do_projeto_e_parecer_de_acesso":"Terceiro","equipamentos":"M\u00f3dulos Fotovoltaicos Risen 680W \/ Inversores Sungrow 333kW e 250kW \/ Estrutura Fixa Arcol","fornecedores":"CT Botelho (Kit Gera\u00e7\u00e3o Solar) \/ Deode (EPC)","offtaker":"","estrutura_societaria":"Delta Energia x USFV Carmo LTDA","entrada_em_operacao":"USINA CONECTADA EM SETEMBRO 2024","foto_principal":"https:\/\/painelusinas.deltaenergia.com.br\/wp-content\/uploads\/2024\/08\/Carmo-Principal4.png","avancos":"https:\/\/painelusinas.deltaenergia.com.br\/wp-content\/uploads\/2023\/12\/avan.png","vetor_mapa":"https:\/\/painelusinas.deltaenergia.com.br\/wp-content\/uploads\/2023\/12\/mapa-9.png","foto_1":"https:\/\/painelusinas.deltaenergia.com.br\/wp-content\/uploads\/2024\/03\/Carmo-4.png","foto_2":"https:\/\/painelusinas.deltaenergia.com.br\/wp-content\/uploads\/2024\/04\/Carmo-6.png","foto_3":"https:\/\/painelusinas.deltaenergia.com.br\/wp-content\/uploads\/2024\/04\/Carmo-9.png","foto_4":"https:\/\/painelusinas.deltaenergia.com.br\/wp-content\/uploads\/2024\/04\/Carmo-8.png","foto_5":"https:\/\/painelusinas.deltaenergia.com.br\/wp-content\/uploads\/2024\/05\/Carmo-13.png","foto_6":"https:\/\/painelusinas.deltaenergia.com.br\/wp-content\/uploads\/2024\/08\/Carmo-15.png","ativar_usina":true,"imagem_mapa":"https:\/\/painelusinas.deltaenergia.com.br\/wp-content\/uploads\/2024\/03\/10.-Carmo-Mapa.png","potencia_parcialmente_conectada":"","cronograma_de_evolucao_financeira":"100%"},"_links":{"self":[{"href":"https:\/\/painelusinas.deltaenergia.com.br\/index.php\/wp-json\/wp\/v2\/pages\/150"}],"collection":[{"href":"https:\/\/painelusinas.deltaenergia.com.br\/index.php\/wp-json\/wp\/v2\/pages"}],"about":[{"href":"https:\/\/painelusinas.deltaenergia.com.br\/index.php\/wp-json\/wp\/v2\/types\/page"}],"author":[{"embeddable":true,"href":"https:\/\/painelusinas.deltaenergia.com.br\/index.php\/wp-json\/wp\/v2\/users\/1"}],"replies":[{"embeddable":true,"href":"https:\/\/painelusinas.deltaenergia.com.br\/index.php\/wp-json\/wp\/v2\/comments?post=150"}],"version-history":[{"count":95,"href":"https:\/\/painelusinas.deltaenergia.com.br\/index.php\/wp-json\/wp\/v2\/pages\/150\/revisions"}],"predecessor-version":[{"id":1948,"href":"https:\/\/painelusinas.deltaenergia.com.br\/index.php\/wp-json\/wp\/v2\/pages\/150\/revisions\/1948"}],"wp:attachment":[{"href":"https:\/\/painelusinas.deltaenergia.com.br\/index.php\/wp-json\/wp\/v2\/media?parent=150"}],"curies":[{"name":"wp","href":"https:\/\/api.w.org\/{rel}","templated":true}]}}