{"id":2,"date":"2023-12-06T14:13:21","date_gmt":"2023-12-06T14:13:21","guid":{"rendered":"http:\/\/wp-usinas-1516413473.us-east-1.elb.amazonaws.com\/?page_id=2"},"modified":"2025-04-09T14:05:28","modified_gmt":"2025-04-09T14:05:28","slug":"sample-page","status":"publish","type":"page","link":"https:\/\/painelusinas.deltaenergia.com.br\/index.php\/sample-page\/","title":{"rendered":"UFV Lagoa Bonita"},"content":{"rendered":"","protected":false},"excerpt":{"rendered":"","protected":false},"author":1,"featured_media":0,"parent":0,"menu_order":0,"comment_status":"closed","ping_status":"open","template":"","meta":{"footnotes":""},"acf":{"potencia":"2,358 MWp \/ 1,666 MWac","endereco":"Estrada Fazenda Linha D\u00e9cima Primeira 0 \u2013 Fazenda Linha 11\u00aa \u2013 UFV Lagoa Bonita I e II, cidade de Deod\u00e1polis\/MS.","cronograma_de_evolucao":"100%","data_de_inicio":"08\/05\/2023","data_do_termino":"13\/11\/2023","volume_de_energia":"4,55 GWh\/ano","concessionaria":"Energisa MS","capex":"R$ 10.246.666","estruturas":"Trackers","licenciamento_ambiental":"Atividade isenta","documento_do_orgao_ambiental":"IMASUL \u2013 Declara\u00e7\u00e3o (002687\/2023)","documento_ambiental_municipal":"N\u00e3o aplic\u00e1vel","supressao_vegetal":"IMASUL - Declara\u00e7\u00e3o (1626\/2023)","status_licenciamento_ambiental":"Conclu\u00eddo","tipo_de_contrato":"Aquisi\u00e7\u00e3o do Terreno","status_do_contrato":"Escritura do Im\u00f3vel emitida","area":"4,8 hectares","preco":"R$ 500 mil","matricula":"N\u00b0 418 Comarca de Deod\u00e1polis","status_do_fundiario":"Conclu\u00eddo","status_da_obra":"Conclu\u00edda","status_financeiro":"","contratos_com_a_distribuidora":"CUSD e CCER assinados","desenvolvedor_do_projeto_e_parecer_de_acesso":"Delta","equipamentos":"M\u00f3dulos Fotovoltaicos Risen 660W \/ Inversores Sungrow 333kW \/ Trackers Arcol","fornecedores":"Deode (Engenharia e constru\u00e7\u00e3o) e CT Botelho (Kit Gera\u00e7\u00e3o Solar)","offtaker":"","estrutura_societaria":"Delta Energia x USFV Lagoa Bonita LTDA","entrada_em_operacao":"USINA CONECTADA EM DEZEMBRO 2023","ativar_usina":true,"foto_principal":"https:\/\/painelusinas.deltaenergia.com.br\/wp-content\/uploads\/2024\/03\/Lagoa-Bonita-Principal-1.png","avancos":"https:\/\/painelusinas.deltaenergia.com.br\/wp-content\/uploads\/2023\/12\/avanco-fisico-e-financeiro.png","vetor_mapa":"https:\/\/painelusinas.deltaenergia.com.br\/wp-content\/uploads\/2023\/12\/mapa.png","foto_1":"https:\/\/painelusinas.deltaenergia.com.br\/wp-content\/uploads\/2024\/02\/Lagoa-Bonita-1.png","foto_2":"https:\/\/painelusinas.deltaenergia.com.br\/wp-content\/uploads\/2024\/02\/Lagoa-Bonita-2.png","foto_3":"https:\/\/painelusinas.deltaenergia.com.br\/wp-content\/uploads\/2024\/02\/Lagoa-Bonita-3.png","foto_4":"https:\/\/painelusinas.deltaenergia.com.br\/wp-content\/uploads\/2024\/02\/Lagoa-Bonita-4.png","foto_5":"https:\/\/painelusinas.deltaenergia.com.br\/wp-content\/uploads\/2024\/02\/Lagoa-Bonita-5.png","foto_6":"https:\/\/painelusinas.deltaenergia.com.br\/wp-content\/uploads\/2024\/03\/Lagoa-Bonita-6.png","imagem_mapa":"https:\/\/painelusinas.deltaenergia.com.br\/wp-content\/uploads\/2024\/03\/2.-Lagoa-Bonita-Mapa.png","potencia_parcialmente_conectada":"","cronograma_de_evolucao_financeira":"100%"},"_links":{"self":[{"href":"https:\/\/painelusinas.deltaenergia.com.br\/index.php\/wp-json\/wp\/v2\/pages\/2"}],"collection":[{"href":"https:\/\/painelusinas.deltaenergia.com.br\/index.php\/wp-json\/wp\/v2\/pages"}],"about":[{"href":"https:\/\/painelusinas.deltaenergia.com.br\/index.php\/wp-json\/wp\/v2\/types\/page"}],"author":[{"embeddable":true,"href":"https:\/\/painelusinas.deltaenergia.com.br\/index.php\/wp-json\/wp\/v2\/users\/1"}],"replies":[{"embeddable":true,"href":"https:\/\/painelusinas.deltaenergia.com.br\/index.php\/wp-json\/wp\/v2\/comments?post=2"}],"version-history":[{"count":38,"href":"https:\/\/painelusinas.deltaenergia.com.br\/index.php\/wp-json\/wp\/v2\/pages\/2\/revisions"}],"predecessor-version":[{"id":1869,"href":"https:\/\/painelusinas.deltaenergia.com.br\/index.php\/wp-json\/wp\/v2\/pages\/2\/revisions\/1869"}],"wp:attachment":[{"href":"https:\/\/painelusinas.deltaenergia.com.br\/index.php\/wp-json\/wp\/v2\/media?parent=2"}],"curies":[{"name":"wp","href":"https:\/\/api.w.org\/{rel}","templated":true}]}}