{"id":255,"date":"2023-12-20T16:41:16","date_gmt":"2023-12-20T16:41:16","guid":{"rendered":"https:\/\/painelusinas.deltaenergia.com.br\/?page_id=255"},"modified":"2025-09-11T20:38:58","modified_gmt":"2025-09-11T20:38:58","slug":"ufv-jacarei","status":"publish","type":"page","link":"https:\/\/painelusinas.deltaenergia.com.br\/index.php\/ufv-jacarei\/","title":{"rendered":"UFV Jacare\u00ed"},"content":{"rendered":"","protected":false},"excerpt":{"rendered":"","protected":false},"author":1,"featured_media":0,"parent":0,"menu_order":0,"comment_status":"closed","ping_status":"closed","template":"","meta":{"footnotes":""},"acf":{"ativar_usina":true,"entrada_em_operacao":"USINA CONECTADA EM MAIO 2024","potencia":"3,564 MWp \/ 2,400 MWac","potencia_parcialmente_conectada":"","endereco":"Fazenda Santa Cec\u00edlia \u2013 Rodovia Nilo M\u00e1ximo, SP77, Jardim Col\u00f4nia","cronograma_de_evolucao":"100%","data_de_inicio":"21\/12\/2023","data_do_termino":"abril\/2025","volume_de_energia":"6,05 GWh\/ano","concessionaria":"EDP SP","capex":"R$ 13.956.293","estruturas":"Trackers e Fixas","licenciamento_ambiental":"Atividade isenta","documento_do_orgao_ambiental":"CETESB \u2013 57003246\/2023","documento_ambiental_municipal":"N\u00e3o aplic\u00e1vel","supressao_vegetal":"CETESB \u2013 28682\/2023","status_licenciamento_ambiental":"Conclu\u00eddo","tipo_de_contrato":"Loca\u00e7\u00e3o de Longo Prazo","status_do_contrato":"Assinado \/ Em escritura\u00e7\u00e3o","area":"11,5 hectares","preco":"R$ 1.000 \/ha\/M\u00eas @IPCA","matricula":"N\u00b0 71.113 \u2013 Comarca de Jacare\u00ed\/SP","status_do_fundiario":"Contrato assinado - Em escritura\u00e7\u00e3o","status_da_obra":"Usina conectada","status_financeiro":"","contratos_com_a_distribuidora":"CUSD e CCER assinados","desenvolvedor_do_projeto_e_parecer_de_acesso":"GERA","equipamentos":"M\u00f3dulos Fotovoltaicos Risen 660W \/ Inversores Sungrow 333kW e 250kW \/ Trackers Arcol","fornecedores":"CT Botelho (Kit Gera\u00e7\u00e3o Solar) \/ Deode (EPC)","offtaker":"","estrutura_societaria":"Delta Energia x USFV Jacare\u00ed LTDA","foto_principal":"https:\/\/painelusinas.deltaenergia.com.br\/wp-content\/uploads\/2025\/08\/Jacarei-Principal7.png","avancos":"https:\/\/painelusinas.deltaenergia.com.br\/wp-content\/uploads\/2023\/12\/avanco-5.png","vetor_mapa":"https:\/\/painelusinas.deltaenergia.com.br\/wp-content\/uploads\/2023\/12\/mapa-13.png","imagem_mapa":"https:\/\/painelusinas.deltaenergia.com.br\/wp-content\/uploads\/2024\/03\/9.-Jacarei-Mapa.png","foto_1":"https:\/\/painelusinas.deltaenergia.com.br\/wp-content\/uploads\/2024\/03\/Jacarei-3.png","foto_2":"https:\/\/painelusinas.deltaenergia.com.br\/wp-content\/uploads\/2024\/04\/Jacarei-4-1.png","foto_3":"https:\/\/painelusinas.deltaenergia.com.br\/wp-content\/uploads\/2024\/05\/Jacarei-9.png","foto_4":"https:\/\/painelusinas.deltaenergia.com.br\/wp-content\/uploads\/2024\/09\/Jacarei-10.png","foto_5":"https:\/\/painelusinas.deltaenergia.com.br\/wp-content\/uploads\/2024\/09\/Jacarei-11.png","foto_6":"https:\/\/painelusinas.deltaenergia.com.br\/wp-content\/uploads\/2025\/03\/Jacarei-13.png","cronograma_de_evolucao_financeira":"100%"},"_links":{"self":[{"href":"https:\/\/painelusinas.deltaenergia.com.br\/index.php\/wp-json\/wp\/v2\/pages\/255"}],"collection":[{"href":"https:\/\/painelusinas.deltaenergia.com.br\/index.php\/wp-json\/wp\/v2\/pages"}],"about":[{"href":"https:\/\/painelusinas.deltaenergia.com.br\/index.php\/wp-json\/wp\/v2\/types\/page"}],"author":[{"embeddable":true,"href":"https:\/\/painelusinas.deltaenergia.com.br\/index.php\/wp-json\/wp\/v2\/users\/1"}],"replies":[{"embeddable":true,"href":"https:\/\/painelusinas.deltaenergia.com.br\/index.php\/wp-json\/wp\/v2\/comments?post=255"}],"version-history":[{"count":82,"href":"https:\/\/painelusinas.deltaenergia.com.br\/index.php\/wp-json\/wp\/v2\/pages\/255\/revisions"}],"predecessor-version":[{"id":1953,"href":"https:\/\/painelusinas.deltaenergia.com.br\/index.php\/wp-json\/wp\/v2\/pages\/255\/revisions\/1953"}],"wp:attachment":[{"href":"https:\/\/painelusinas.deltaenergia.com.br\/index.php\/wp-json\/wp\/v2\/media?parent=255"}],"curies":[{"name":"wp","href":"https:\/\/api.w.org\/{rel}","templated":true}]}}