{"id":262,"date":"2023-12-20T16:54:48","date_gmt":"2023-12-20T16:54:48","guid":{"rendered":"https:\/\/painelusinas.deltaenergia.com.br\/?page_id=262"},"modified":"2025-09-11T20:40:08","modified_gmt":"2025-09-11T20:40:08","slug":"ufv-gaviao-peixoto","status":"publish","type":"page","link":"https:\/\/painelusinas.deltaenergia.com.br\/index.php\/ufv-gaviao-peixoto\/","title":{"rendered":"UFV Gavi\u00e3o Peixoto"},"content":{"rendered":"","protected":false},"excerpt":{"rendered":"","protected":false},"author":1,"featured_media":0,"parent":0,"menu_order":0,"comment_status":"closed","ping_status":"closed","template":"","meta":{"footnotes":""},"acf":{"ativar_usina":true,"entrada_em_operacao":"USINA CONECTADA EM OUTUBRO 2024","potencia":"2,177 MWp \/ 1,500 MWac","potencia_parcialmente_conectada":"","endereco":"Fazenda S\u00e3o Jos\u00e9 do Itaquer\u00ea \u2013  Rodovia Victor Maida Km 22","cronograma_de_evolucao":"100%","data_de_inicio":"22\/04\/2024","data_do_termino":" Novembro\/2024","volume_de_energia":"4,10 GWh\/ano","concessionaria":"CPFL Paulista","capex":"R$ 9.234.634","estruturas":"Trackers","licenciamento_ambiental":"Atividade isenta","documento_do_orgao_ambiental":"CETESB - N\u00ba 93028737\/2024","documento_ambiental_municipal":"N\u00e3o aplic\u00e1vel","supressao_vegetal":"CETESB - N\u00ba 93032052\/2023","status_licenciamento_ambiental":"Conclu\u00eddo","tipo_de_contrato":"Direito de uso de superf\u00edcie","status_do_contrato":"Assinado, matr\u00edcula emitida","area":"4,0 hectares","preco":"R$ 2.000 \/hectare\/M\u00eas @IPCA","matricula":"N\u00b010.206 \u2013 Comarca de Araraquara\/SP","status_do_fundiario":"Formaliza\u00e7\u00e3o para registro e matr\u00edcula","status_da_obra":"Usina conectada","status_financeiro":"","contratos_com_a_distribuidora":"CUSD e CCER assinados","desenvolvedor_do_projeto_e_parecer_de_acesso":"H2","equipamentos":" M\u00f3dulos fotovoltaicos Risen 695W \/ Inversores Sungrow 333kW e 250kW \/ Trackers Arcol","fornecedores":"CT Botelho (Kit Gera\u00e7\u00e3o Solar) \/ Soliker (EPC)","offtaker":"","estrutura_societaria":"Delta Energia x USFV Gavi\u00e3o Peixoto LTDA","foto_principal":"https:\/\/painelusinas.deltaenergia.com.br\/wp-content\/uploads\/2024\/08\/Gaviao-Peixoto-Principal7.png","avancos":"https:\/\/painelusinas.deltaenergia.com.br\/wp-content\/uploads\/2023\/12\/avanco-6.png","vetor_mapa":"https:\/\/painelusinas.deltaenergia.com.br\/wp-content\/uploads\/2023\/12\/mapa-gaviao.png","imagem_mapa":"https:\/\/painelusinas.deltaenergia.com.br\/wp-content\/uploads\/2024\/03\/13.-Gaviao-Peixoto-Mapa.png","foto_1":"https:\/\/painelusinas.deltaenergia.com.br\/wp-content\/uploads\/2024\/04\/Gaviao-Peixoto-1.png","foto_2":"https:\/\/painelusinas.deltaenergia.com.br\/wp-content\/uploads\/2024\/04\/Gaviao-Peixoto-2.png","foto_3":"https:\/\/painelusinas.deltaenergia.com.br\/wp-content\/uploads\/2024\/06\/Gaviao-Peixoto-6.png","foto_4":"https:\/\/painelusinas.deltaenergia.com.br\/wp-content\/uploads\/2024\/06\/Gaviao-Peixoto-7.png","foto_5":"https:\/\/painelusinas.deltaenergia.com.br\/wp-content\/uploads\/2024\/07\/Gaviao-Peixoto-9.png","foto_6":"https:\/\/painelusinas.deltaenergia.com.br\/wp-content\/uploads\/2024\/08\/Gaviao-Peixoto-10.png","cronograma_de_evolucao_financeira":"100%"},"_links":{"self":[{"href":"https:\/\/painelusinas.deltaenergia.com.br\/index.php\/wp-json\/wp\/v2\/pages\/262"}],"collection":[{"href":"https:\/\/painelusinas.deltaenergia.com.br\/index.php\/wp-json\/wp\/v2\/pages"}],"about":[{"href":"https:\/\/painelusinas.deltaenergia.com.br\/index.php\/wp-json\/wp\/v2\/types\/page"}],"author":[{"embeddable":true,"href":"https:\/\/painelusinas.deltaenergia.com.br\/index.php\/wp-json\/wp\/v2\/users\/1"}],"replies":[{"embeddable":true,"href":"https:\/\/painelusinas.deltaenergia.com.br\/index.php\/wp-json\/wp\/v2\/comments?post=262"}],"version-history":[{"count":68,"href":"https:\/\/painelusinas.deltaenergia.com.br\/index.php\/wp-json\/wp\/v2\/pages\/262\/revisions"}],"predecessor-version":[{"id":1954,"href":"https:\/\/painelusinas.deltaenergia.com.br\/index.php\/wp-json\/wp\/v2\/pages\/262\/revisions\/1954"}],"wp:attachment":[{"href":"https:\/\/painelusinas.deltaenergia.com.br\/index.php\/wp-json\/wp\/v2\/media?parent=262"}],"curies":[{"name":"wp","href":"https:\/\/api.w.org\/{rel}","templated":true}]}}