{"id":77,"date":"2023-12-13T00:44:23","date_gmt":"2023-12-13T00:44:23","guid":{"rendered":"https:\/\/painelusinas.deltaenergia.com.br\/?page_id=77"},"modified":"2025-04-09T14:06:41","modified_gmt":"2025-04-09T14:06:41","slug":"ufv-pindamonhangaba","status":"publish","type":"page","link":"https:\/\/painelusinas.deltaenergia.com.br\/index.php\/ufv-pindamonhangaba\/","title":{"rendered":"UFV Pindamonhangaba"},"content":{"rendered":"","protected":false},"excerpt":{"rendered":"","protected":false},"author":1,"featured_media":0,"parent":0,"menu_order":0,"comment_status":"closed","ping_status":"closed","template":"","meta":{"footnotes":""},"acf":{"potencia":"3,485 MWp \/ 2,400MWac","endereco":"Fazenda Amarela \u2013 Zona Rural de Pindamonhangaba\/SP","cronograma_de_evolucao":"100%","data_de_inicio":"04\/08\/2023","data_do_termino":"18\/01\/2024","volume_de_energia":"6,39 GWh\/ano","concessionaria":"EDP SP","capex":"R$ 13.454.039","estruturas":"Trackers","licenciamento_ambiental":"Atividade isenta","documento_do_orgao_ambiental":"CETESB \u2013 Declara\u00e7\u00e3o 3002499","documento_ambiental_municipal":"N\u00e3o aplic\u00e1vel","supressao_vegetal":"N\u00e3o aplic\u00e1vel","status_licenciamento_ambiental":"Conclu\u00eddo","tipo_de_contrato":"Loca\u00e7\u00e3o de Longo Prazo","status_do_contrato":"Contrato assinado","area":"8,0 hectares","preco":"R$ 1.969\/ha\/m\u00eas @IPCA","matricula":"N\u00ba 76.253 \u2013 Comarca de Pindamonhangaba\/SP","status_do_fundiario":"Conclu\u00eddo","status_da_obra":"Limpeza final e testes eletromec\u00e2nicos","status_financeiro":"","contratos_com_a_distribuidora":"CUSD e CCER assinados","desenvolvedor_do_projeto_e_parecer_de_acesso":"GERA","equipamentos":"M\u00f3dulos Fotovoltaicos Risen 660W \/ Inversores Sungrow 333kW \/ Trackers Arcol","fornecedores":"CT Botelho (Kit Gera\u00e7\u00e3o Solar) \/ Soliker (EPC)","offtaker":"","estrutura_societaria":"Delta Energia x USFV Pindamonhangaba LTDA","entrada_em_operacao":"USINA CONECTADA EM FEVEREIRO 2024","foto_principal":"https:\/\/painelusinas.deltaenergia.com.br\/wp-content\/uploads\/2024\/03\/Pinda-Principal-1.png","avancos":"https:\/\/painelusinas.deltaenergia.com.br\/wp-content\/uploads\/2023\/12\/avanco-fisico-1.png","vetor_mapa":"https:\/\/painelusinas.deltaenergia.com.br\/wp-content\/uploads\/2023\/12\/mapa-pinda.png","foto_1":"https:\/\/painelusinas.deltaenergia.com.br\/wp-content\/uploads\/2024\/03\/Pinda-0.png","foto_2":"https:\/\/painelusinas.deltaenergia.com.br\/wp-content\/uploads\/2024\/03\/Pinda-1.png","foto_3":"https:\/\/painelusinas.deltaenergia.com.br\/wp-content\/uploads\/2024\/03\/Pinda-2.png","foto_4":"https:\/\/painelusinas.deltaenergia.com.br\/wp-content\/uploads\/2024\/03\/Pinda-3.png","foto_5":"https:\/\/painelusinas.deltaenergia.com.br\/wp-content\/uploads\/2024\/03\/Pinda-4.png","foto_6":false,"ativar_usina":true,"imagem_mapa":"https:\/\/painelusinas.deltaenergia.com.br\/wp-content\/uploads\/2024\/03\/6.-Pinda-Mapa.png","potencia_parcialmente_conectada":"","cronograma_de_evolucao_financeira":"100%"},"_links":{"self":[{"href":"https:\/\/painelusinas.deltaenergia.com.br\/index.php\/wp-json\/wp\/v2\/pages\/77"}],"collection":[{"href":"https:\/\/painelusinas.deltaenergia.com.br\/index.php\/wp-json\/wp\/v2\/pages"}],"about":[{"href":"https:\/\/painelusinas.deltaenergia.com.br\/index.php\/wp-json\/wp\/v2\/types\/page"}],"author":[{"embeddable":true,"href":"https:\/\/painelusinas.deltaenergia.com.br\/index.php\/wp-json\/wp\/v2\/users\/1"}],"replies":[{"embeddable":true,"href":"https:\/\/painelusinas.deltaenergia.com.br\/index.php\/wp-json\/wp\/v2\/comments?post=77"}],"version-history":[{"count":48,"href":"https:\/\/painelusinas.deltaenergia.com.br\/index.php\/wp-json\/wp\/v2\/pages\/77\/revisions"}],"predecessor-version":[{"id":1871,"href":"https:\/\/painelusinas.deltaenergia.com.br\/index.php\/wp-json\/wp\/v2\/pages\/77\/revisions\/1871"}],"wp:attachment":[{"href":"https:\/\/painelusinas.deltaenergia.com.br\/index.php\/wp-json\/wp\/v2\/media?parent=77"}],"curies":[{"name":"wp","href":"https:\/\/api.w.org\/{rel}","templated":true}]}}