{"id":79,"date":"2023-12-13T00:44:58","date_gmt":"2023-12-13T00:44:58","guid":{"rendered":"https:\/\/painelusinas.deltaenergia.com.br\/?page_id=79"},"modified":"2025-08-25T13:05:09","modified_gmt":"2025-08-25T13:05:09","slug":"ufv-barretos","status":"publish","type":"page","link":"https:\/\/painelusinas.deltaenergia.com.br\/index.php\/ufv-barretos\/","title":{"rendered":"UFV Barretos"},"content":{"rendered":"","protected":false},"excerpt":{"rendered":"","protected":false},"author":1,"featured_media":0,"parent":0,"menu_order":0,"comment_status":"closed","ping_status":"closed","template":"","meta":{"footnotes":""},"acf":{"potencia":"3,564 MWp \/ 2,500MWac","endereco":"Rodovia Assis Chateaubriand KM 95,5, Barretos\/SP - Fazenda Park Seringais de Iracema","cronograma_de_evolucao":"100%","data_de_inicio":"14\/08\/2023","data_do_termino":"08\/01\/2024","volume_de_energia":"6,97 GWh\/ano","concessionaria":"CPFL Paulista","capex":"R$ 14.397.310","estruturas":"Trackers","licenciamento_ambiental":"Atividade isenta","documento_do_orgao_ambiental":"CETESB - Declara\u00e7\u00e3o (93012711\/2023)","documento_ambiental_municipal":"N\u00e3o aplic\u00e1vel","supressao_vegetal":"N\u00e3o aplic\u00e1vel","status_licenciamento_ambiental":"Conclu\u00eddo","tipo_de_contrato":"Direito de uso de superf\u00edcie","status_do_contrato":"Contrato Assinado","area":"9.0 hectares","preco":"R$ 1.300\/ha\/M\u00eas @IPCA","matricula":"N\u00ba 80.651 e 80.652 \u2013 Comarca de Barretos\/SP","status_do_fundiario":"Conclu\u00eddo","status_da_obra":"Usina conectada","status_financeiro":"","contratos_com_a_distribuidora":"CUSD e CCER assinados","desenvolvedor_do_projeto_e_parecer_de_acesso":"H2","equipamentos":"M\u00f3dulos Fotovoltaicos Risen 660W \/ Inversores Sungrow 333kW e 250kW \/ Trackers Arcol","fornecedores":"CT Botelho (Kit Gera\u00e7\u00e3o Solar) \/ Deode (EPC)","offtaker":"","estrutura_societaria":"Delta Energia x USFV Barretos LTDA","entrada_em_operacao":"USINA CONECTADA EM FEVEREIRO 2024","ativar_usina":true,"foto_principal":"https:\/\/painelusinas.deltaenergia.com.br\/wp-content\/uploads\/2025\/08\/Barretos-Principal2.png","avancos":"https:\/\/painelusinas.deltaenergia.com.br\/wp-content\/uploads\/2023\/12\/avanco-1.png","vetor_mapa":"https:\/\/painelusinas.deltaenergia.com.br\/wp-content\/uploads\/2023\/12\/mapa-8.png","foto_1":"https:\/\/painelusinas.deltaenergia.com.br\/wp-content\/uploads\/2024\/02\/Barretos-1.png","foto_2":"https:\/\/painelusinas.deltaenergia.com.br\/wp-content\/uploads\/2024\/02\/Barretos-2.png","foto_3":"https:\/\/painelusinas.deltaenergia.com.br\/wp-content\/uploads\/2024\/02\/Barretos-3.png","foto_4":"https:\/\/painelusinas.deltaenergia.com.br\/wp-content\/uploads\/2024\/02\/Barretos-5.png","foto_5":"https:\/\/painelusinas.deltaenergia.com.br\/wp-content\/uploads\/2024\/03\/Barretos-6.png","foto_6":"https:\/\/painelusinas.deltaenergia.com.br\/wp-content\/uploads\/2025\/08\/Barretos-7.png","imagem_mapa":"https:\/\/painelusinas.deltaenergia.com.br\/wp-content\/uploads\/2024\/03\/5.-Barretos-Mapa.png","potencia_parcialmente_conectada":"","cronograma_de_evolucao_financeira":"100%"},"_links":{"self":[{"href":"https:\/\/painelusinas.deltaenergia.com.br\/index.php\/wp-json\/wp\/v2\/pages\/79"}],"collection":[{"href":"https:\/\/painelusinas.deltaenergia.com.br\/index.php\/wp-json\/wp\/v2\/pages"}],"about":[{"href":"https:\/\/painelusinas.deltaenergia.com.br\/index.php\/wp-json\/wp\/v2\/types\/page"}],"author":[{"embeddable":true,"href":"https:\/\/painelusinas.deltaenergia.com.br\/index.php\/wp-json\/wp\/v2\/users\/1"}],"replies":[{"embeddable":true,"href":"https:\/\/painelusinas.deltaenergia.com.br\/index.php\/wp-json\/wp\/v2\/comments?post=79"}],"version-history":[{"count":50,"href":"https:\/\/painelusinas.deltaenergia.com.br\/index.php\/wp-json\/wp\/v2\/pages\/79\/revisions"}],"predecessor-version":[{"id":1925,"href":"https:\/\/painelusinas.deltaenergia.com.br\/index.php\/wp-json\/wp\/v2\/pages\/79\/revisions\/1925"}],"wp:attachment":[{"href":"https:\/\/painelusinas.deltaenergia.com.br\/index.php\/wp-json\/wp\/v2\/media?parent=79"}],"curies":[{"name":"wp","href":"https:\/\/api.w.org\/{rel}","templated":true}]}}