{"id":81,"date":"2023-12-13T00:45:25","date_gmt":"2023-12-13T00:45:25","guid":{"rendered":"https:\/\/painelusinas.deltaenergia.com.br\/?page_id=81"},"modified":"2025-09-11T20:34:10","modified_gmt":"2025-09-11T20:34:10","slug":"ufv-adamantina","status":"publish","type":"page","link":"https:\/\/painelusinas.deltaenergia.com.br\/index.php\/ufv-adamantina\/","title":{"rendered":"UFV Adamantina"},"content":{"rendered":"","protected":false},"excerpt":{"rendered":"","protected":false},"author":1,"featured_media":0,"parent":0,"menu_order":0,"comment_status":"closed","ping_status":"closed","template":"","meta":{"footnotes":""},"acf":{"potencia":"3,550 MWp \/ 2,500MWac","endereco":"S\u00edtio Ip\u00ea \u2013 Estrada Seis, Adamantina\/SP","cronograma_de_evolucao":"100%","data_de_inicio":"01\/11\/2023","data_do_termino":"fevereiro\/2025","volume_de_energia":"6,91 GWh\/ano","concessionaria":"ENERGISA Sul-Sudeste","capex":"R$ 13.914.386","estruturas":"Trackers","licenciamento_ambiental":"Atividade isenta","documento_do_orgao_ambiental":"CETESB \u2013 Declara\u00e7\u00e3o 93015052","documento_ambiental_municipal":"N\u00e3o aplic\u00e1vel","supressao_vegetal":"CETESB ASV 93015048 e 91835036","status_licenciamento_ambiental":"Conclu\u00eddo","tipo_de_contrato":"Direito de uso de superf\u00edcie","status_do_contrato":"Contrato Assinado","area":"10.0 hectares","preco":"R$ 1.000 \/ha\/M\u00eas @IPCA","matricula":"N\u00b0 1.963 \u2013 Cart\u00f3rio de Registro de im\u00f3veis comanda de Adamantina\/SP","status_do_fundiario":"Conclu\u00eddo","status_da_obra":"Usina conectada","status_financeiro":"","contratos_com_a_distribuidora":"CUSD e CCER assinados (Vig\u00eancia a partir da energiza\u00e7\u00e3o)","desenvolvedor_do_projeto_e_parecer_de_acesso":"H2","equipamentos":"M\u00f3dulos Fotovoltaicos Risen 680W \/ Inversores Sungrow 333kW e 250kW \/ Trackers Arcol","fornecedores":"CT Botelho (Kit Gera\u00e7\u00e3o Solar) \/ Soliker (EPC)","offtaker":"","estrutura_societaria":"Delta Energia x USFV Adamantina LTDA","entrada_em_operacao":"USINA CONECTADA EM FEVEREIRO 2025","foto_principal":"https:\/\/painelusinas.deltaenergia.com.br\/wp-content\/uploads\/2024\/08\/Adamantina-Principal-3.png","ativar_usina":true,"avancos":"https:\/\/painelusinas.deltaenergia.com.br\/wp-content\/uploads\/2023\/12\/avanco.png","vetor_mapa":"https:\/\/painelusinas.deltaenergia.com.br\/wp-content\/uploads\/2023\/12\/mapa-7.png","foto_1":"https:\/\/painelusinas.deltaenergia.com.br\/wp-content\/uploads\/2024\/03\/Adamantina-3.png","foto_2":"https:\/\/painelusinas.deltaenergia.com.br\/wp-content\/uploads\/2024\/05\/Adamantina-6.png","foto_3":"https:\/\/painelusinas.deltaenergia.com.br\/wp-content\/uploads\/2024\/06\/Adamantina-8.png","foto_4":"https:\/\/painelusinas.deltaenergia.com.br\/wp-content\/uploads\/2024\/07\/Adamantina-9.png","foto_5":"https:\/\/painelusinas.deltaenergia.com.br\/wp-content\/uploads\/2024\/08\/Adamantina-10.png","foto_6":false,"imagem_mapa":"https:\/\/painelusinas.deltaenergia.com.br\/wp-content\/uploads\/2024\/03\/7.-Adamantina-Mapa.png","potencia_parcialmente_conectada":"","cronograma_de_evolucao_financeira":"100%"},"_links":{"self":[{"href":"https:\/\/painelusinas.deltaenergia.com.br\/index.php\/wp-json\/wp\/v2\/pages\/81"}],"collection":[{"href":"https:\/\/painelusinas.deltaenergia.com.br\/index.php\/wp-json\/wp\/v2\/pages"}],"about":[{"href":"https:\/\/painelusinas.deltaenergia.com.br\/index.php\/wp-json\/wp\/v2\/types\/page"}],"author":[{"embeddable":true,"href":"https:\/\/painelusinas.deltaenergia.com.br\/index.php\/wp-json\/wp\/v2\/users\/1"}],"replies":[{"embeddable":true,"href":"https:\/\/painelusinas.deltaenergia.com.br\/index.php\/wp-json\/wp\/v2\/comments?post=81"}],"version-history":[{"count":75,"href":"https:\/\/painelusinas.deltaenergia.com.br\/index.php\/wp-json\/wp\/v2\/pages\/81\/revisions"}],"predecessor-version":[{"id":1945,"href":"https:\/\/painelusinas.deltaenergia.com.br\/index.php\/wp-json\/wp\/v2\/pages\/81\/revisions\/1945"}],"wp:attachment":[{"href":"https:\/\/painelusinas.deltaenergia.com.br\/index.php\/wp-json\/wp\/v2\/media?parent=81"}],"curies":[{"name":"wp","href":"https:\/\/api.w.org\/{rel}","templated":true}]}}