{"id":869,"date":"2024-03-20T14:13:40","date_gmt":"2024-03-20T14:13:40","guid":{"rendered":"https:\/\/painelusinas.deltaenergia.com.br\/?page_id=869"},"modified":"2025-09-11T20:42:13","modified_gmt":"2025-09-11T20:42:13","slug":"ufv-santo-inacio-x","status":"publish","type":"page","link":"https:\/\/painelusinas.deltaenergia.com.br\/index.php\/ufv-santo-inacio-x\/","title":{"rendered":"UFV Santo In\u00e1cio X"},"content":{"rendered":"","protected":false},"excerpt":{"rendered":"","protected":false},"author":1,"featured_media":0,"parent":0,"menu_order":0,"comment_status":"closed","ping_status":"closed","template":"","meta":{"footnotes":""},"acf":{"potencia":"3,628MWp \/ 2,500 MWac","endereco":"Estrada Municipal Jos\u00e9 Francisco Alvarenga no Bairro Tata\u00faba, Gleba A - Ca\u00e7apava\/SP","cronograma_de_evolucao":"100%","data_de_inicio":"14\/10\/2024","data_do_termino":"julho\/2025","volume_de_energia":"5,36 GWh\/ano","concessionaria":"EDP SP","capex":"R$ 12.263.760","estruturas":"Fixas","licenciamento_ambiental":"Atividade isenta","documento_do_orgao_ambiental":"CETESB - 93051642\/2024","documento_ambiental_municipal":"N\u00e3o aplic\u00e1vel","supressao_vegetal":"CETESB - 93051641\/2024","status_licenciamento_ambiental":"Conclu\u00eddo","tipo_de_contrato":"Direito de uso de superf\u00edcie","status_do_contrato":"Contrato Assinado","area":"7,0 hectares","preco":"R$ 1.200\/hectare\/m\u00eas @IPCA","matricula":"N\u00b012.966 Comarca de Ca\u00e7apava\/SP","status_do_fundiario":"Contratos assinados","status_da_obra":"Usina conectada","status_financeiro":"","contratos_com_a_distribuidora":"CUSD e CCER assinados (vig\u00eancia a partir da energiza\u00e7\u00e3o)","desenvolvedor_do_projeto_e_parecer_de_acesso":"Terceiro","equipamentos":"M\u00f3dulos Fotovoltaicos Risen 695W \/ Inversores Sungrow 333kW e 250kW \/ Trackers Arcol","fornecedores":"CT Botelho (Kit Gera\u00e7\u00e3o Solar) \/ Deode (EPC)","offtaker":"","estrutura_societaria":"Delta Energia x USFV Tata\u00faba LTDA","entrada_em_operacao":"USINA CONECTADA EM MAIO 2025","foto_principal":"https:\/\/painelusinas.deltaenergia.com.br\/wp-content\/uploads\/2025\/08\/Santo-Inacio-X-Principal8.png","avancos":"https:\/\/painelusinas.deltaenergia.com.br\/wp-content\/uploads\/2023\/12\/avanco-fisico-e-financeiro-1.png","vetor_mapa":"https:\/\/painelusinas.deltaenergia.com.br\/wp-content\/uploads\/2024\/03\/21.-Santo-Inacio-X-Mapa-Interno.png","foto_1":"https:\/\/painelusinas.deltaenergia.com.br\/wp-content\/uploads\/2024\/12\/Santo-Inacio-X-1.png","foto_2":"https:\/\/painelusinas.deltaenergia.com.br\/wp-content\/uploads\/2024\/12\/Santo-Inacio-X-2.png","foto_3":"https:\/\/painelusinas.deltaenergia.com.br\/wp-content\/uploads\/2025\/01\/Santo-Inacio-X-3.png","foto_4":"https:\/\/painelusinas.deltaenergia.com.br\/wp-content\/uploads\/2025\/02\/Santo-Inacio-X-4.png","foto_5":"https:\/\/painelusinas.deltaenergia.com.br\/wp-content\/uploads\/2025\/03\/Santo-Inacio-X-5.png","foto_6":false,"ativar_usina":true,"imagem_mapa":"https:\/\/painelusinas.deltaenergia.com.br\/wp-content\/uploads\/2024\/03\/21.-Santo-Inacio-X-Mapa-1.png","potencia_parcialmente_conectada":"","cronograma_de_evolucao_financeira":"100%"},"_links":{"self":[{"href":"https:\/\/painelusinas.deltaenergia.com.br\/index.php\/wp-json\/wp\/v2\/pages\/869"}],"collection":[{"href":"https:\/\/painelusinas.deltaenergia.com.br\/index.php\/wp-json\/wp\/v2\/pages"}],"about":[{"href":"https:\/\/painelusinas.deltaenergia.com.br\/index.php\/wp-json\/wp\/v2\/types\/page"}],"author":[{"embeddable":true,"href":"https:\/\/painelusinas.deltaenergia.com.br\/index.php\/wp-json\/wp\/v2\/users\/1"}],"replies":[{"embeddable":true,"href":"https:\/\/painelusinas.deltaenergia.com.br\/index.php\/wp-json\/wp\/v2\/comments?post=869"}],"version-history":[{"count":68,"href":"https:\/\/painelusinas.deltaenergia.com.br\/index.php\/wp-json\/wp\/v2\/pages\/869\/revisions"}],"predecessor-version":[{"id":1958,"href":"https:\/\/painelusinas.deltaenergia.com.br\/index.php\/wp-json\/wp\/v2\/pages\/869\/revisions\/1958"}],"wp:attachment":[{"href":"https:\/\/painelusinas.deltaenergia.com.br\/index.php\/wp-json\/wp\/v2\/media?parent=869"}],"curies":[{"name":"wp","href":"https:\/\/api.w.org\/{rel}","templated":true}]}}